{"id":2590,"date":"2025-07-02T22:42:36","date_gmt":"2025-07-02T19:42:36","guid":{"rendered":"https:\/\/sedekminkstai.lt\/?post_type=product&#038;p=2590"},"modified":"2025-10-10T11:38:32","modified_gmt":"2025-10-10T08:38:32","slug":"ciuzinys-ramybe","status":"publish","type":"product","link":"https:\/\/sedekminkstai.lt\/en\/produktas\/ciuzinys-ramybe\/","title":{"rendered":"\u010ciu\u017einys RAMYB\u0116"},"content":{"rendered":"<p>[et_pb_section fb_built=&#8221;1&#8243; _builder_version=&#8221;4.16&#8243; custom_padding=&#8221;0px||||false|false&#8221; global_colors_info=&#8221;{}&#8221;][et_pb_row admin_label=&#8221;Row&#8221; _builder_version=&#8221;4.16&#8243; background_size=&#8221;initial&#8221; background_position=&#8221;top_left&#8221; background_repeat=&#8221;repeat&#8221; width=&#8221;100%&#8221; custom_padding=&#8221;0px||0px||false|false&#8221; global_module=&#8221;288&#8243; global_colors_info=&#8221;{}&#8221;][et_pb_column type=&#8221;4_4&#8243; _builder_version=&#8221;4.16&#8243; custom_padding=&#8221;|||&#8221; global_colors_info=&#8221;{}&#8221; custom_padding__hover=&#8221;|||&#8221;][et_pb_wc_breadcrumb _builder_version=&#8221;4.16&#8243; global_colors_info=&#8221;{}&#8221;][\/et_pb_wc_breadcrumb][et_pb_wc_cart_notice _builder_version=&#8221;4.16&#8243; global_colors_info=&#8221;{}&#8221;][\/et_pb_wc_cart_notice][\/et_pb_column][\/et_pb_row][et_pb_row column_structure=&#8221;1_2,1_2&#8243; use_custom_gutter=&#8221;on&#8221; gutter_width=&#8221;2&#8243; _builder_version=&#8221;4.27.4&#8243; background_size=&#8221;initial&#8221; background_position=&#8221;top_left&#8221; background_repeat=&#8221;repeat&#8221; width=&#8221;100%&#8221; custom_padding=&#8221;0px||||false|false&#8221; global_colors_info=&#8221;{}&#8221;][et_pb_column type=&#8221;1_2&#8243; _builder_version=&#8221;4.16&#8243; custom_padding=&#8221;|||&#8221; global_colors_info=&#8221;{}&#8221; custom_padding__hover=&#8221;|||&#8221;][et_pb_wc_images admin_label=&#8221;Woo Product Images&#8221; _builder_version=&#8221;4.27.4&#8243; global_module=&#8221;290&#8243; global_colors_info=&#8221;{}&#8221;][\/et_pb_wc_images][\/et_pb_column][et_pb_column type=&#8221;1_2&#8243; _builder_version=&#8221;4.16&#8243; custom_padding=&#8221;|||&#8221; global_colors_info=&#8221;{}&#8221; custom_padding__hover=&#8221;|||&#8221;][et_pb_wc_title _builder_version=&#8221;4.27.4&#8243; header_font=&#8221;|600|||||||&#8221; header_text_color=&#8221;#000000&#8243; custom_margin=&#8221;||10px||false|false&#8221; custom_padding=&#8221;||0px||false|false&#8221; header_font_size_tablet=&#8221;28px&#8221; header_font_size_phone=&#8221;24px&#8221; header_font_size_last_edited=&#8221;on|phone&#8221; global_module=&#8221;291&#8243; global_colors_info=&#8221;{}&#8221;][\/et_pb_wc_title][et_pb_wc_price _builder_version=&#8221;4.27.4&#8243; body_font=&#8221;|600|||||||&#8221; body_font_size=&#8221;20px&#8221; body_line_height=&#8221;1.2em&#8221; custom_margin=&#8221;0px||||false|false&#8221; custom_padding=&#8221;0px||||false|false&#8221; body_font_size_tablet=&#8221;18px&#8221; body_font_size_phone=&#8221;16px&#8221; body_font_size_last_edited=&#8221;on|phone&#8221; global_module=&#8221;292&#8243; global_colors_info=&#8221;{}&#8221;][\/et_pb_wc_price][et_pb_wc_meta show_categories=&#8221;off&#8221; show_tags=&#8221;off&#8221; _builder_version=&#8221;4.27.4&#8243; _module_preset=&#8221;default&#8221; body_font_size=&#8221;12px&#8221; body_line_height=&#8221;1.3em&#8221; background_color=&#8221;#f1f1f1&#8243; custom_padding=&#8221;5px|20px|5px|20px|true|true&#8221; border_style_all=&#8221;none&#8221; global_module=&#8221;293&#8243; global_colors_info=&#8221;{}&#8221;][\/et_pb_wc_meta][et_pb_wc_description _builder_version=&#8221;4.27.4&#8243; body_font=&#8221;||||||||&#8221; custom_margin=&#8221;30px||||false|false&#8221; body_font_size_tablet=&#8221;14px&#8221; body_font_size_phone=&#8221;14px&#8221; body_font_size_last_edited=&#8221;on|desktop&#8221; border_color_top=&#8221;#e2e2e2&#8243; global_module=&#8221;294&#8243; global_colors_info=&#8221;{}&#8221;][\/et_pb_wc_description][et_pb_wc_additional_info show_title=&#8221;off&#8221; _builder_version=&#8221;4.27.4&#8243; _module_preset=&#8221;default&#8221; table_row_custom_padding=&#8221;0px||0px||true|false&#8221; table_cell_background_color=&#8221;#FFFFFF&#8221; table_cell_custom_padding=&#8221;0px||0px||true|false&#8221; body_font=&#8221;||||||||&#8221; body_line_height=&#8221;1.2em&#8221; attribute_line_height=&#8221;1.2em&#8221; background_color=&#8221;#FFFFFF&#8221; border_style_all=&#8221;none&#8221; border_color_top_table=&#8221;#e2e2e2&#8243; border_style_top_table=&#8221;solid&#8221; border_width_all_table_row=&#8221;0px&#8221; border_color_all_table_row=&#8221;#e2e2e2&#8243; border_style_all_table_row=&#8221;solid&#8221; border_width_all_table_cell=&#8221;0px&#8221; border_color_all_table_cell=&#8221;#e2e2e2&#8243; border_style_all_table_cell=&#8221;solid&#8221; border_width_bottom_table_cell=&#8221;1px&#8221; global_module=&#8221;296&#8243; saved_tabs=&#8221;all&#8221; global_colors_info=&#8221;{}&#8221;][\/et_pb_wc_additional_info][et_pb_wc_add_to_cart _builder_version=&#8221;4.27.4&#8243; fields_background_color=&#8221;#FFFFFF&#8221; fields_text_color=&#8221;#666666&#8243; fields_focus_background_color=&#8221;#f1f1f1&#8243; fields_focus_text_color=&#8221;#000000&#8243; custom_button=&#8221;on&#8221; button_use_icon=&#8221;off&#8221; button_custom_padding=&#8221;16px|40px|16px|40px|true|true&#8221; border_radii_fields=&#8221;on|0px|0px|0px|0px&#8221; border_width_all_fields=&#8221;1px&#8221; border_color_all_fields=&#8221;#e2e2e2&#8243; global_module=&#8221;298&#8243; saved_tabs=&#8221;all&#8221; global_colors_info=&#8221;{}&#8221;][\/et_pb_wc_add_to_cart][et_pb_blurb title=&#8221;Spyruokli\u0173 blokas&#8221; image=&#8221;https:\/\/sedekminkstai.lt\/wp-content\/uploads\/Asset-16-.svg&#8221; icon_placement=&#8221;left&#8221; image_icon_width=&#8221;36px&#8221; admin_label=&#8221;spyruokl\u0117s&#8221; _builder_version=&#8221;4.27.4&#8243; _module_preset=&#8221;default&#8221; header_level=&#8221;h5&#8243; header_font=&#8221;|600|||||||&#8221; header_text_color=&#8221;#000000&#8243; custom_margin=&#8221;60px||||false|false&#8221; custom_margin_tablet=&#8221;50px||||false|false&#8221; custom_margin_phone=&#8221;30px||||false|false&#8221; custom_margin_last_edited=&#8221;on|phone&#8221; global_colors_info=&#8221;{}&#8221;]<\/p>\n<p>Spyruokli\u0173 blokas Pocket 250 vnt.\/m2, kai kiekviena spyruokl\u0117 \u012fvilkta \u012f atskir\u0105 tekstilin\u012f mai\u0161el\u012f.<\/p>\n<p>[\/et_pb_blurb][et_pb_blurb title=&#8221;Anatomin\u0117s zonos&#8221; image=&#8221;https:\/\/sedekminkstai.lt\/wp-content\/uploads\/Asset-19-.svg&#8221; icon_placement=&#8221;left&#8221; image_icon_width=&#8221;36px&#8221; admin_label=&#8221;zonos&#8221; _builder_version=&#8221;4.27.4&#8243; _module_preset=&#8221;default&#8221; header_level=&#8221;h5&#8243; header_font=&#8221;|600|||||||&#8221; header_text_color=&#8221;#000000&#8243; custom_margin=&#8221;30px||||false|false&#8221; global_colors_info=&#8221;{}&#8221;]<\/p>\n<p>5 anatomin\u0117s zonos taisyklingai stuburo atramai.<\/p>\n<p>[\/et_pb_blurb][et_pb_blurb title=&#8221;Poliuretanas&#8221; image=&#8221;https:\/\/sedekminkstai.lt\/wp-content\/uploads\/Asset-18-.svg&#8221; icon_placement=&#8221;left&#8221; image_icon_width=&#8221;36px&#8221; admin_label=&#8221;poliuretanas&#8221; _builder_version=&#8221;4.27.4&#8243; _module_preset=&#8221;default&#8221; header_level=&#8221;h5&#8243; header_font=&#8221;|600|||||||&#8221; header_text_color=&#8221;#000000&#8243; custom_margin=&#8221;30px||||false|false&#8221; global_colors_info=&#8221;{}&#8221;]<\/p>\n<p>Didelio tankio put\u0173 poliuretanas VB. Viskoelastinis porolonas<\/p>\n<p>[\/et_pb_blurb][et_pb_blurb title=&#8221;Antibakterin\u0117 apsauga&#8221; image=&#8221;https:\/\/sedekminkstai.lt\/wp-content\/uploads\/Asset-21-.svg&#8221; icon_placement=&#8221;left&#8221; image_icon_width=&#8221;36px&#8221; admin_label=&#8221;antibakterinis&#8221; _builder_version=&#8221;4.27.4&#8243; _module_preset=&#8221;default&#8221; header_level=&#8221;h5&#8243; header_font=&#8221;|600|||||||&#8221; header_text_color=&#8221;#000000&#8243; custom_margin=&#8221;30px||||false|false&#8221; global_colors_info=&#8221;{}&#8221;]<\/p>\n<p>Antibakterinis skalbiamas u\u017evalkalas.<\/p>\n<p>[\/et_pb_blurb][et_pb_blurb title=&#8221;Rekomenduojama apkrova&#8221; image=&#8221;https:\/\/sedekminkstai.lt\/wp-content\/uploads\/Asset-22-.svg&#8221; icon_placement=&#8221;left&#8221; image_icon_width=&#8221;36px&#8221; admin_label=&#8221;apkrova&#8221; _builder_version=&#8221;4.27.4&#8243; _module_preset=&#8221;default&#8221; header_level=&#8221;h5&#8243; header_font=&#8221;|600|||||||&#8221; header_text_color=&#8221;#000000&#8243; custom_margin=&#8221;30px||||false|false&#8221; global_colors_info=&#8221;{}&#8221;]<\/p>\n<p>Rekomenduojama \u010diu\u017einio apkrova vienam \u017emogui iki 100 kg.<\/p>\n<p>[\/et_pb_blurb][et_pb_wc_description description_type=&#8221;description&#8221; _builder_version=&#8221;4.27.4&#8243; _module_preset=&#8221;default&#8221; custom_margin=&#8221;60px||||false|false&#8221; custom_margin_tablet=&#8221;50px||||false|false&#8221; custom_margin_phone=&#8221;30px||||false|false&#8221; custom_margin_last_edited=&#8221;on|desktop&#8221; global_colors_info=&#8221;{}&#8221;][\/et_pb_wc_description][\/et_pb_column][\/et_pb_row][et_pb_row _builder_version=&#8221;4.16&#8243; background_size=&#8221;initial&#8221; background_position=&#8221;top_left&#8221; background_repeat=&#8221;repeat&#8221; width=&#8221;100%&#8221; global_module=&#8221;300&#8243; saved_tabs=&#8221;all&#8221; global_colors_info=&#8221;{}&#8221;][et_pb_column type=&#8221;4_4&#8243; _builder_version=&#8221;4.16&#8243; custom_padding=&#8221;|||&#8221; global_colors_info=&#8221;{}&#8221; custom_padding__hover=&#8221;|||&#8221;][et_pb_wc_related_products _builder_version=&#8221;4.16&#8243; global_colors_info=&#8221;{}&#8221;][\/et_pb_wc_related_products][\/et_pb_column][\/et_pb_row][\/et_pb_section]<\/p>\n","protected":false},"excerpt":{"rendered":"<p><b>Ramyb\u0117 <\/b>&#8211; tai vidutinio kietumo \/ kietas dvipusis \u010diu\u017einys, kuris padeda ramiai miegoti vis\u0105 nakt\u012f. Jis labai gera i\u0161laiko stubur\u0105 tinkamoje pad\u0117tyje, tod\u0117l miego metu visas k\u016bnas ilsisi. Pocket spyruokli\u0173 d\u0117ka net ir miegant drauge, \u010diu\u017einys i\u0161lieka stabilus, nepersiduoda partnerio judesiai.<\/p>\n","protected":false},"featured_media":2600,"template":"","meta":{"_et_pb_use_builder":"on","_et_pb_old_content":"<p class=\"\" data-start=\"491\" data-end=\"887\"><b>Ramyb\u0117 <\/b>\u010diu\u017einys pagamintas su <strong>ki\u0161enini\u0173 (Pocket) spyruokli\u0173\u00a0bloku<\/strong>, kuriame kiekviena spyruokl\u0117 \u012fvilkta \u012f atskir\u0105 tekstilin\u012f mai\u0161el\u012f. B\u016btent d\u0117l \u0161ios prie\u017easties \u010diu\u017einys optimaliai reaguoja \u012f kiekvien\u0105 judes\u012f ir jo nepraleid\u017eia, tod\u0117l galite ramiai miegoti net ir tada, kai \u0161alia miega partneris. \u010ciu\u017einyje \u012frengtos <strong data-start=\"797\" data-end=\"819\">5 anatomin\u0117s zonos<\/strong>, u\u017etikrinan\u010dios taisykling\u0105 stuburo atram\u0105 ir k\u016bno atsipalaidavim\u0105.<\/p>\r\n<p class=\"\" data-start=\"889\" data-end=\"1159\">Viena \u010diu\u017einio pus\u0117 yra padengta <strong data-start=\"926\" data-end=\"953\">viskoelastiniu porolonu<\/strong>, kuris prisitaiko prie k\u016bno form\u0173 ir suma\u017eina spaudimo ta\u0161kus, o kita pus\u0117 \u2013 \u0161iek tiek tvirtesn\u0117, idealiai tinkanti tiems, kurie m\u0117gsta miegoti ant kietesnio pagrindo.<\/p>\r\n\u010ciu\u017einio u\u017evalkalas u\u017esegamas u\u017etrauktuku, j\u012f lengva nuimti ir skalbti 40 \u00b0C temperat\u016broje. Taip u\u017etikrinama ilgalaik\u0117 higiena ir \u0161vara. \u010ciu\u017eino u\u017evalkalas yra daigstytas, antibakterinis, baltos spalvos ir puikiai apsaugo nuo ne\u0161varum\u0173 bei dulki\u0173 erku\u010di\u0173 kaupimosi.","_et_gb_content_width":""},"product_brand":[],"product_cat":[98,99,100,101,102,95,96,27,92,85,88,87,91],"product_tag":[],"class_list":{"0":"post-2590","1":"product","2":"type-product","3":"status-publish","4":"has-post-thumbnail","6":"product_cat-120x200-cm-c","7":"product_cat-140x200-cm-c","8":"product_cat-160x200-cm-c","9":"product_cat-180x200-cm-c","10":"product_cat-200x200-cm-c","11":"product_cat-80x200-cm-c","12":"product_cat-90x200-cm-c","13":"product_cat-ciuziniai","14":"product_cat-dvigulis","15":"product_cat-kietas","16":"product_cat-spyruoklinis","17":"product_cat-vidutinio-kietumo","18":"product_cat-viengulis","19":"wcpa_has_options","21":"first","22":"instock","23":"taxable","24":"shipping-taxable","25":"purchasable","26":"product-type-variable"},"yoast_head":"<!-- This site is optimized with the Yoast SEO plugin v27.5 - https:\/\/yoast.com\/product\/yoast-seo-wordpress\/ -->\n<title>\u010ciu\u017einys RAMYB\u0116 | Kietas \u010diu\u017einys | sedekminkstai.lt<\/title>\n<meta name=\"description\" content=\"\u010ciu\u017einys RAMYB\u0116 yra dvipusis \u010diu\u017einys, kurio viena pus\u0117 kieta, kita vidutinio kietumo. Su \u0161iuo \u010diu\u017einiu su\u017einosite k\u0105 rei\u0161kia ramus ir saldus miegas.\" \/>\n<meta name=\"robots\" content=\"index, follow, max-snippet:-1, max-image-preview:large, max-video-preview:-1\" \/>\n<link rel=\"canonical\" href=\"https:\/\/sedekminkstai.lt\/produktas\/ciuzinys-ramybe\/\" \/>\n<meta property=\"og:locale\" content=\"en_US\" \/>\n<meta property=\"og:type\" content=\"article\" \/>\n<meta property=\"og:title\" content=\"\u010ciu\u017einys RAMYB\u0116 | Kietas \u010diu\u017einys | sedekminkstai.lt\" \/>\n<meta property=\"og:description\" content=\"\u010ciu\u017einys RAMYB\u0116 yra dvipusis \u010diu\u017einys, kurio viena pus\u0117 kieta, kita vidutinio kietumo. Su \u0161iuo \u010diu\u017einiu su\u017einosite k\u0105 rei\u0161kia ramus ir saldus miegas.\" \/>\n<meta property=\"og:url\" content=\"https:\/\/sedekminkstai.lt\/produktas\/ciuzinys-ramybe\/\" \/>\n<meta property=\"og:site_name\" content=\"sedekminkstai.lt\" \/>\n<meta property=\"article:modified_time\" content=\"2025-10-10T08:38:32+00:00\" \/>\n<meta property=\"og:image\" content=\"https:\/\/sedekminkstai.lt\/wp-content\/uploads\/Ciuzinys-Ramybe-1024x1024.png\" \/>\n\t<meta property=\"og:image:width\" content=\"1024\" \/>\n\t<meta property=\"og:image:height\" content=\"1024\" \/>\n\t<meta property=\"og:image:type\" content=\"image\/png\" \/>\n<meta name=\"twitter:card\" content=\"summary_large_image\" \/>\n<meta name=\"twitter:label1\" content=\"Est. reading time\" \/>\n\t<meta name=\"twitter:data1\" content=\"4 minutes\" \/>\n<script type=\"application\/ld+json\" class=\"yoast-schema-graph\">{\"@context\":\"https:\\\/\\\/schema.org\",\"@graph\":[{\"@type\":\"WebPage\",\"@id\":\"https:\\\/\\\/sedekminkstai.lt\\\/produktas\\\/ciuzinys-ramybe\\\/\",\"url\":\"https:\\\/\\\/sedekminkstai.lt\\\/produktas\\\/ciuzinys-ramybe\\\/\",\"name\":\"\u010ciu\u017einys RAMYB\u0116 | Kietas \u010diu\u017einys | sedekminkstai.lt\",\"isPartOf\":{\"@id\":\"https:\\\/\\\/sedekminkstai.lt\\\/#website\"},\"primaryImageOfPage\":{\"@id\":\"https:\\\/\\\/sedekminkstai.lt\\\/produktas\\\/ciuzinys-ramybe\\\/#primaryimage\"},\"image\":{\"@id\":\"https:\\\/\\\/sedekminkstai.lt\\\/produktas\\\/ciuzinys-ramybe\\\/#primaryimage\"},\"thumbnailUrl\":\"https:\\\/\\\/sedekminkstai.lt\\\/wp-content\\\/uploads\\\/Ciuzinys-Ramybe.png\",\"datePublished\":\"2025-07-02T19:42:36+00:00\",\"dateModified\":\"2025-10-10T08:38:32+00:00\",\"description\":\"\u010ciu\u017einys RAMYB\u0116 yra dvipusis \u010diu\u017einys, kurio viena pus\u0117 kieta, kita vidutinio kietumo. Su \u0161iuo \u010diu\u017einiu su\u017einosite k\u0105 rei\u0161kia ramus ir saldus miegas.\",\"breadcrumb\":{\"@id\":\"https:\\\/\\\/sedekminkstai.lt\\\/produktas\\\/ciuzinys-ramybe\\\/#breadcrumb\"},\"inLanguage\":\"en-US\",\"potentialAction\":[{\"@type\":\"ReadAction\",\"target\":[\"https:\\\/\\\/sedekminkstai.lt\\\/produktas\\\/ciuzinys-ramybe\\\/\"]}]},{\"@type\":\"ImageObject\",\"inLanguage\":\"en-US\",\"@id\":\"https:\\\/\\\/sedekminkstai.lt\\\/produktas\\\/ciuzinys-ramybe\\\/#primaryimage\",\"url\":\"https:\\\/\\\/sedekminkstai.lt\\\/wp-content\\\/uploads\\\/Ciuzinys-Ramybe.png\",\"contentUrl\":\"https:\\\/\\\/sedekminkstai.lt\\\/wp-content\\\/uploads\\\/Ciuzinys-Ramybe.png\",\"width\":2500,\"height\":2500,\"caption\":\"\u010ciu\u017einys Ramyb\u0117\"},{\"@type\":\"BreadcrumbList\",\"@id\":\"https:\\\/\\\/sedekminkstai.lt\\\/produktas\\\/ciuzinys-ramybe\\\/#breadcrumb\",\"itemListElement\":[{\"@type\":\"ListItem\",\"position\":1,\"name\":\"Home\",\"item\":\"https:\\\/\\\/sedekminkstai.lt\\\/\"},{\"@type\":\"ListItem\",\"position\":2,\"name\":\"Parduotuv\u0117\",\"item\":\"https:\\\/\\\/sedekminkstai.lt\\\/parduotuve\\\/\"},{\"@type\":\"ListItem\",\"position\":3,\"name\":\"\u010ciu\u017einys RAMYB\u0116\"}]},{\"@type\":\"WebSite\",\"@id\":\"https:\\\/\\\/sedekminkstai.lt\\\/#website\",\"url\":\"https:\\\/\\\/sedekminkstai.lt\\\/\",\"name\":\"sedekminkstai.lt\",\"description\":\"Just another WordPress site\",\"alternateName\":\"sedekminkstai.lt\",\"potentialAction\":[{\"@type\":\"SearchAction\",\"target\":{\"@type\":\"EntryPoint\",\"urlTemplate\":\"https:\\\/\\\/sedekminkstai.lt\\\/?s={search_term_string}\"},\"query-input\":{\"@type\":\"PropertyValueSpecification\",\"valueRequired\":true,\"valueName\":\"search_term_string\"}}],\"inLanguage\":\"en-US\"}]}<\/script>\n<!-- \/ Yoast SEO plugin. -->","yoast_head_json":{"title":"\u010ciu\u017einys RAMYB\u0116 | Kietas \u010diu\u017einys | sedekminkstai.lt","description":"\u010ciu\u017einys RAMYB\u0116 yra dvipusis \u010diu\u017einys, kurio viena pus\u0117 kieta, kita vidutinio kietumo. Su \u0161iuo \u010diu\u017einiu su\u017einosite k\u0105 rei\u0161kia ramus ir saldus miegas.","robots":{"index":"index","follow":"follow","max-snippet":"max-snippet:-1","max-image-preview":"max-image-preview:large","max-video-preview":"max-video-preview:-1"},"canonical":"https:\/\/sedekminkstai.lt\/produktas\/ciuzinys-ramybe\/","og_locale":"en_US","og_type":"article","og_title":"\u010ciu\u017einys RAMYB\u0116 | Kietas \u010diu\u017einys | sedekminkstai.lt","og_description":"\u010ciu\u017einys RAMYB\u0116 yra dvipusis \u010diu\u017einys, kurio viena pus\u0117 kieta, kita vidutinio kietumo. Su \u0161iuo \u010diu\u017einiu su\u017einosite k\u0105 rei\u0161kia ramus ir saldus miegas.","og_url":"https:\/\/sedekminkstai.lt\/produktas\/ciuzinys-ramybe\/","og_site_name":"sedekminkstai.lt","article_modified_time":"2025-10-10T08:38:32+00:00","og_image":[{"width":1024,"height":1024,"url":"https:\/\/sedekminkstai.lt\/wp-content\/uploads\/Ciuzinys-Ramybe-1024x1024.png","type":"image\/png"}],"twitter_card":"summary_large_image","twitter_misc":{"Est. reading time":"4 minutes"},"schema":{"@context":"https:\/\/schema.org","@graph":[{"@type":"WebPage","@id":"https:\/\/sedekminkstai.lt\/produktas\/ciuzinys-ramybe\/","url":"https:\/\/sedekminkstai.lt\/produktas\/ciuzinys-ramybe\/","name":"\u010ciu\u017einys RAMYB\u0116 | Kietas \u010diu\u017einys | sedekminkstai.lt","isPartOf":{"@id":"https:\/\/sedekminkstai.lt\/#website"},"primaryImageOfPage":{"@id":"https:\/\/sedekminkstai.lt\/produktas\/ciuzinys-ramybe\/#primaryimage"},"image":{"@id":"https:\/\/sedekminkstai.lt\/produktas\/ciuzinys-ramybe\/#primaryimage"},"thumbnailUrl":"https:\/\/sedekminkstai.lt\/wp-content\/uploads\/Ciuzinys-Ramybe.png","datePublished":"2025-07-02T19:42:36+00:00","dateModified":"2025-10-10T08:38:32+00:00","description":"\u010ciu\u017einys RAMYB\u0116 yra dvipusis \u010diu\u017einys, kurio viena pus\u0117 kieta, kita vidutinio kietumo. Su \u0161iuo \u010diu\u017einiu su\u017einosite k\u0105 rei\u0161kia ramus ir saldus miegas.","breadcrumb":{"@id":"https:\/\/sedekminkstai.lt\/produktas\/ciuzinys-ramybe\/#breadcrumb"},"inLanguage":"en-US","potentialAction":[{"@type":"ReadAction","target":["https:\/\/sedekminkstai.lt\/produktas\/ciuzinys-ramybe\/"]}]},{"@type":"ImageObject","inLanguage":"en-US","@id":"https:\/\/sedekminkstai.lt\/produktas\/ciuzinys-ramybe\/#primaryimage","url":"https:\/\/sedekminkstai.lt\/wp-content\/uploads\/Ciuzinys-Ramybe.png","contentUrl":"https:\/\/sedekminkstai.lt\/wp-content\/uploads\/Ciuzinys-Ramybe.png","width":2500,"height":2500,"caption":"\u010ciu\u017einys Ramyb\u0117"},{"@type":"BreadcrumbList","@id":"https:\/\/sedekminkstai.lt\/produktas\/ciuzinys-ramybe\/#breadcrumb","itemListElement":[{"@type":"ListItem","position":1,"name":"Home","item":"https:\/\/sedekminkstai.lt\/"},{"@type":"ListItem","position":2,"name":"Parduotuv\u0117","item":"https:\/\/sedekminkstai.lt\/parduotuve\/"},{"@type":"ListItem","position":3,"name":"\u010ciu\u017einys RAMYB\u0116"}]},{"@type":"WebSite","@id":"https:\/\/sedekminkstai.lt\/#website","url":"https:\/\/sedekminkstai.lt\/","name":"sedekminkstai.lt","description":"Just another WordPress site","alternateName":"sedekminkstai.lt","potentialAction":[{"@type":"SearchAction","target":{"@type":"EntryPoint","urlTemplate":"https:\/\/sedekminkstai.lt\/?s={search_term_string}"},"query-input":{"@type":"PropertyValueSpecification","valueRequired":true,"valueName":"search_term_string"}}],"inLanguage":"en-US"}]}},"wcpa_form_fields":{"wcpaData":{"product":{"product_price":206,"price_html":"<span class=\"woocommerce-Price-amount amount\" aria-hidden=\"true\"><bdi>206.00&nbsp;<span class=\"woocommerce-Price-currencySymbol\">&euro;<\/span><\/bdi><\/span> <span aria-hidden=\"true\">&ndash;<\/span> <span class=\"woocommerce-Price-amount amount\" aria-hidden=\"true\"><bdi>469.00&nbsp;<span class=\"woocommerce-Price-currencySymbol\">&euro;<\/span><\/bdi><\/span><span class=\"screen-reader-text\">Price range: 206.00&nbsp;&euro; through 469.00&nbsp;&euro;<\/span>","original_product_price":206,"price_including_tax":206,"price_excluding_tax":170.2479339999999865540303289890289306640625,"product_id":{"parent":2590,"variation":false},"is_variable":true,"stock_status":"instock","stock_quantity":null,"parent_sku":"","product_attributes":{"pa_aukstis":{"is_variation":false,"values":["19"]},"pa_matmenys":{"is_variation":true,"values":[]},"pa_rusis":{"is_variation":false,"values":["kietas","vidutinio-kietumo"]},"pa_tipas":{"is_variation":false,"values":["dvigulis","viengulis"]}},"custom_fields":[],"is_taxable":true,"product_name":"\u010ciu\u017einys RAMYB\u0116","hasImage":false},"fields":{"sec_16769413ec2a22":{"extra":{"key":"sec_16769413ec2a22","section_id":"sec_16769413ec2a22","name":"Default","status":1,"cl_rule":"show","enableCl":false,"relations":[],"toggle":true,"title_tag":"h3","show_title":false,"showPrice":"default","form_id":798,"form_rules":{"exclude_from_discount":false,"fee_label":"Fee","disp_hide_options_price":false,"disp_show_section_price":false,"disp_show_field_price":true,"layout_option":"standard","pric_use_as_fee":false,"process_fee_as":"woo_fee"},"layout_option":"standard"},"fields":[[{"active":true,"col":6,"relations":[{"operator":false,"rules":[{"operator":false,"rules":{"cl_field":"attribute","cl_relation":"is","cl_val":"alpine","cl_field_sub":"pa_audiniai"}}]}],"cl_rule":"show","enableCl":false,"price":"0","enablePrice":true,"className":"","label_position":"default","desc_position":"default","type":"image-group","required":true,"elementId":"image-group_16769413ec2a74","label":"Audiniai","name":"image-group_16769413ec2a74","enable_popup":"no","multiple":false,"layOut":"col-3","img_selection_type":"tick","disp_type":"square","values":[{"label":"Banga","value":"Option - 1","selected":true,"image":"https:\/\/sedekminkstai.lt\/wp-content\/uploads\/Ciuzinio-audinys-Banga.png","thumb":"https:\/\/sedekminkstai.lt\/wp-content\/uploads\/Ciuzinio-audinys-Banga-150x150.png","tempId":"aco_403","image_id":2519,"price":"0","thumb_src":"https:\/\/sedekminkstai.lt\/wp-content\/uploads\/Ciuzinio-audinys-Banga-100x100.png","gt_translate_keys":["label"]},{"label":"Silver","value":"15","selected":false,"image":"https:\/\/sedekminkstai.lt\/wp-content\/uploads\/Ciuzinio-audinys-Silver-1.png","thumb":"https:\/\/sedekminkstai.lt\/wp-content\/uploads\/Ciuzinio-audinys-Silver-1-150x150.png","tempId":"aco_158","image_id":2524,"price":"15","thumb_src":"https:\/\/sedekminkstai.lt\/wp-content\/uploads\/Ciuzinio-audinys-Silver-1-100x100.png","gt_translate_keys":["label"]}],"disp_size_img":{"width":"90","height":"90"},"error":false,"img_preview":true,"img_preview_disable_mobile":true,"priceOptions":"different_for_all","pricingType":"fixed","gt_translate_keys":["label"],"price_dependency":false,"cl_dependency":false,"value":""}]]}},"config":{"price_override":"","enable_recaptcha":false,"bind_quantity":false,"quantity_bind_formula":false,"disp_summ_show_option_price":true,"disp_summ_show_product_price":true,"disp_summ_show_total_price":true,"disp_summ_show_fee":false,"disp_summ_show_discount":false,"summary_title":"","options_total_label":"Papildom\u0173 element\u0173 kaina","total_label":"Viso","options_product_label":"Produkto kaina","fee_label":"Fee","discount_label":"Discount","has_price":true,"has_quantity_formula":false},"mc_unit":1,"tax_rate":1,"tax_rate_real":0.2099999999999999922284388276239042170345783233642578125,"discount":{"percentage":0,"fixed":0},"design":{"conf":{"LabelPosition":"above","DescPosition":"above","UploadField":"custom_1","QuantityFieldStyle":"default"},"css":{"LeftLabelWidth":"120px"}},"formulas":[],"lookuptables":[],"clones":false,"cartKey":false}},"_links":{"self":[{"href":"https:\/\/sedekminkstai.lt\/en\/wp-json\/wp\/v2\/product\/2590","targetHints":{"allow":["GET"]}}],"collection":[{"href":"https:\/\/sedekminkstai.lt\/en\/wp-json\/wp\/v2\/product"}],"about":[{"href":"https:\/\/sedekminkstai.lt\/en\/wp-json\/wp\/v2\/types\/product"}],"wp:featuredmedia":[{"embeddable":true,"href":"https:\/\/sedekminkstai.lt\/en\/wp-json\/wp\/v2\/media\/2600"}],"wp:attachment":[{"href":"https:\/\/sedekminkstai.lt\/en\/wp-json\/wp\/v2\/media?parent=2590"}],"wp:term":[{"taxonomy":"product_brand","embeddable":true,"href":"https:\/\/sedekminkstai.lt\/en\/wp-json\/wp\/v2\/product_brand?post=2590"},{"taxonomy":"product_cat","embeddable":true,"href":"https:\/\/sedekminkstai.lt\/en\/wp-json\/wp\/v2\/product_cat?post=2590"},{"taxonomy":"product_tag","embeddable":true,"href":"https:\/\/sedekminkstai.lt\/en\/wp-json\/wp\/v2\/product_tag?post=2590"}],"curies":[{"name":"wp","href":"https:\/\/api.w.org\/{rel}","templated":true}]}}